{"id":35736,"date":"2026-01-06T22:51:44","date_gmt":"2026-01-06T22:51:44","guid":{"rendered":"https:\/\/dauphinelletextile.com\/?post_type=product&#038;p=35736"},"modified":"2026-03-31T10:01:41","modified_gmt":"2026-03-31T10:01:41","slug":"abaya-soiree-rose","status":"publish","type":"product","link":"https:\/\/dauphinelletextile.com\/ar\/product\/abaya-soiree-rose\/","title":{"rendered":"\u0639\u0628\u0627\u0621\u0629 \u0633\u0647\u0631\u0629 \u0648\u0631\u062f\u064a\u0629"},"content":{"rendered":"","protected":false},"excerpt":{"rendered":"<p>\u0625\u0637\u0644\u0627\u0644\u0629 \u0631\u0627\u0642\u064a\u0629 \u0628\u0639\u0628\u0627\u064a\u0629 rose poudr\u00e9 \u0645\u0639 \u062a\u0637\u0631\u064a\u0632 \u0641\u0627\u062e\u0631 \u2728<br \/>\nParfaite \u0644\u0644\u0633\u0647\u0631\u0627\u062a \u0627\u0644\u0631\u0645\u0636\u0627\u0646\u064a\u0629 \u0648\u0627\u0644\u0645\u0646\u0627\u0633\u0628\u0627\u062a \u0627\u0644\u0644\u064a \u062a\u062d\u0628\u0651\u064a \u062a\u0643\u0648\u0646\u064a \u0641\u064a\u0647\u0627 \u00e9l\u00e9gante et discr\u00e8te.<\/p>","protected":false},"featured_media":35737,"comment_status":"closed","ping_status":"closed","template":"","meta":[],"product_brand":[],"product_cat":[72,74,54],"product_tag":[],"class_list":{"0":"post-35736","1":"product","2":"type-product","3":"status-publish","4":"has-post-thumbnail","6":"product_cat-abaya","7":"product_cat-abaya-soiree","8":"product_cat-promo","10":"first","11":"instock","12":"sale","13":"shipping-taxable","14":"purchasable","15":"product-type-variable"},"_links":{"self":[{"href":"https:\/\/dauphinelletextile.com\/ar\/wp-json\/wp\/v2\/product\/35736","targetHints":{"allow":["GET"]}}],"collection":[{"href":"https:\/\/dauphinelletextile.com\/ar\/wp-json\/wp\/v2\/product"}],"about":[{"href":"https:\/\/dauphinelletextile.com\/ar\/wp-json\/wp\/v2\/types\/product"}],"replies":[{"embeddable":true,"href":"https:\/\/dauphinelletextile.com\/ar\/wp-json\/wp\/v2\/comments?post=35736"}],"version-history":[{"count":0,"href":"https:\/\/dauphinelletextile.com\/ar\/wp-json\/wp\/v2\/product\/35736\/revisions"}],"wp:featuredmedia":[{"embeddable":true,"href":"https:\/\/dauphinelletextile.com\/ar\/wp-json\/wp\/v2\/media\/35737"}],"wp:attachment":[{"href":"https:\/\/dauphinelletextile.com\/ar\/wp-json\/wp\/v2\/media?parent=35736"}],"wp:term":[{"taxonomy":"product_brand","embeddable":true,"href":"https:\/\/dauphinelletextile.com\/ar\/wp-json\/wp\/v2\/product_brand?post=35736"},{"taxonomy":"product_cat","embeddable":true,"href":"https:\/\/dauphinelletextile.com\/ar\/wp-json\/wp\/v2\/product_cat?post=35736"},{"taxonomy":"product_tag","embeddable":true,"href":"https:\/\/dauphinelletextile.com\/ar\/wp-json\/wp\/v2\/product_tag?post=35736"}],"curies":[{"name":"wp","href":"https:\/\/api.w.org\/{rel}","templated":true}]}}